{"id":2815,"date":"2023-05-04T15:42:00","date_gmt":"2023-05-04T15:42:00","guid":{"rendered":"https:\/\/www.ivh44.si\/Ponudbe\/harmonike\/politika-zasebnosti-copy\/"},"modified":"2023-09-29T18:25:12","modified_gmt":"2023-09-29T18:25:12","slug":"piskotki","status":"publish","type":"page","link":"https:\/\/www.alpen-harmonike.com\/de\/piskotki\/","title":{"rendered":"Kekse"},"content":{"rendered":"<div data-elementor-type=\"wp-page\" data-elementor-id=\"2815\" class=\"elementor elementor-2815\">\n\t\t\t\t\t\t\t\t\t<section class=\"elementor-section elementor-top-section elementor-element elementor-element-b2535a8 elementor-section-boxed elementor-section-height-default elementor-section-height-default\" data-id=\"b2535a8\" data-element_type=\"section\" data-settings=\"{&quot;jet_parallax_layout_list&quot;:[]}\">\n\t\t\t\t\t\t<div class=\"elementor-container elementor-column-gap-default\">\n\t\t\t\t\t<div class=\"elementor-column elementor-col-100 elementor-top-column elementor-element elementor-element-0cc7a36\" data-id=\"0cc7a36\" data-element_type=\"column\">\n\t\t\t<div class=\"elementor-widget-wrap elementor-element-populated\">\n\t\t\t\t\t\t\t\t<div class=\"elementor-element elementor-element-2079e8d elementor-widget elementor-widget-heading\" data-id=\"2079e8d\" data-element_type=\"widget\" data-widget_type=\"heading.default\">\n\t\t\t\t<div class=\"elementor-widget-container\">\n\t\t\t<style>\/*! elementor - v3.12.1 - 02-04-2023 *\/\n.elementor-heading-title{padding:0;margin:0;line-height:1}.elementor-widget-heading .elementor-heading-title[class*=elementor-size-]>a{color:inherit;font-size:inherit;line-height:inherit}.elementor-widget-heading .elementor-heading-title.elementor-size-small{font-size:15px}.elementor-widget-heading .elementor-heading-title.elementor-size-medium{font-size:19px}.elementor-widget-heading .elementor-heading-title.elementor-size-large{font-size:29px}.elementor-widget-heading .elementor-heading-title.elementor-size-xl{font-size:39px}.elementor-widget-heading .elementor-heading-title.elementor-size-xxl{font-size:59px}<\/style><h2 class=\"elementor-heading-title elementor-size-default\">Kekse<\/h2>\t\t<\/div>\n\t\t\t\t<\/div>\n\t\t\t\t\t<\/div>\n\t\t<\/div>\n\t\t\t\t\t\t\t<\/div>\n\t\t<\/section>\n\t\t\t\t<section class=\"elementor-section elementor-top-section elementor-element elementor-element-150dadf elementor-section-boxed elementor-section-height-default elementor-section-height-default\" data-id=\"150dadf\" data-element_type=\"section\" data-settings=\"{&quot;jet_parallax_layout_list&quot;:[]}\">\n\t\t\t\t\t\t<div class=\"elementor-container elementor-column-gap-no\">\n\t\t\t\t\t<div class=\"elementor-column elementor-col-100 elementor-top-column elementor-element elementor-element-bcdc522\" data-id=\"bcdc522\" data-element_type=\"column\">\n\t\t\t<div class=\"elementor-widget-wrap elementor-element-populated\">\n\t\t\t\t\t\t\t\t<div class=\"elementor-element elementor-element-e7386f5 elementor-widget elementor-widget-text-editor\" data-id=\"e7386f5\" data-element_type=\"widget\" data-widget_type=\"text-editor.default\">\n\t\t\t\t<div class=\"elementor-widget-container\">\n\t\t\t<style>\/*! elementor - v3.12.1 - 02-04-2023 *\/\n.elementor-widget-text-editor.elementor-drop-cap-view-stacked .elementor-drop-cap{background-color:#69727d;color:#fff}.elementor-widget-text-editor.elementor-drop-cap-view-framed .elementor-drop-cap{color:#69727d;border:3px solid;background-color:transparent}.elementor-widget-text-editor:not(.elementor-drop-cap-view-default) .elementor-drop-cap{margin-top:8px}.elementor-widget-text-editor:not(.elementor-drop-cap-view-default) .elementor-drop-cap-letter{width:1em;height:1em}.elementor-widget-text-editor .elementor-drop-cap{float:left;text-align:center;line-height:1;font-size:50px}.elementor-widget-text-editor .elementor-drop-cap-letter{display:inline-block}<\/style>\t\t\t\t<p><strong>Za potrebe spletne strani\u00a0 uporabljamo naslednje pi\u0161kotke:<\/strong><\/p>\t\t\t\t\t\t<\/div>\n\t\t\t\t<\/div>\n\t\t\t\t<div class=\"elementor-element elementor-element-3aaedb3 elementor-widget elementor-widget-text-editor\" data-id=\"3aaedb3\" data-element_type=\"widget\" data-widget_type=\"text-editor.default\">\n\t\t\t\t<div class=\"elementor-widget-container\">\n\t\t\t\t\t\t\t<p><strong>Sejni pi\u0161kotek<\/strong><\/p>\t\t\t\t\t\t<\/div>\n\t\t\t\t<\/div>\n\t\t\t\t<div class=\"elementor-element elementor-element-a96e7fa elementor-widget elementor-widget-text-editor\" data-id=\"a96e7fa\" data-element_type=\"widget\" data-widget_type=\"text-editor.default\">\n\t\t\t\t<div class=\"elementor-widget-container\">\n\t\t\t\t\t\t\t<p>Nujen za delovanje sistema za urejanje in prikaz vsebin. Ta pi\u0161kotek skrbi za pravilen sprejem elektronskih sporo\u010dil in vsebin na spletni strani. Pi\u0161kotek se izbi\u0161re, ko uporabnik odide s spletne strani.<\/p>\t\t\t\t\t\t<\/div>\n\t\t\t\t<\/div>\n\t\t\t\t<div class=\"elementor-element elementor-element-04cc477 elementor-widget elementor-widget-text-editor\" data-id=\"04cc477\" data-element_type=\"widget\" data-widget_type=\"text-editor.default\">\n\t\t\t\t<div class=\"elementor-widget-container\">\n\t\t\t\t\t\t\t<p><strong>Spletna ko\u0161arica pi\u0161kotek<\/strong><\/p>\t\t\t\t\t\t<\/div>\n\t\t\t\t<\/div>\n\t\t\t\t<div class=\"elementor-element elementor-element-bf5d757 elementor-widget elementor-widget-text-editor\" data-id=\"bf5d757\" data-element_type=\"widget\" data-widget_type=\"text-editor.default\">\n\t\t\t\t<div class=\"elementor-widget-container\">\n\t\t\t\t\t\t\t<p>S tem pi\u0161kotkom ohranjamo vsebino ko\u0161arice, tudi ko zaprete brskalnik in naslednji\u010d odprete. Vsebina ko\u0161arice v samem pi\u0161kotku ni razvidna.<\/p>\t\t\t\t\t\t<\/div>\n\t\t\t\t<\/div>\n\t\t\t\t<div class=\"elementor-element elementor-element-618a7bc elementor-widget elementor-widget-text-editor\" data-id=\"618a7bc\" data-element_type=\"widget\" data-widget_type=\"text-editor.default\">\n\t\t\t\t<div class=\"elementor-widget-container\">\n\t\t\t\t\t\t\t<p><strong>Pi\u0161kotki za pomnjenje\u00a0uporabni\u0161kih nastavitev<\/strong><\/p>\t\t\t\t\t\t<\/div>\n\t\t\t\t<\/div>\n\t\t\t\t<div class=\"elementor-element elementor-element-2bdd9d1 elementor-widget elementor-widget-text-editor\" data-id=\"2bdd9d1\" data-element_type=\"widget\" data-widget_type=\"text-editor.default\">\n\t\t\t\t<div class=\"elementor-widget-container\">\n\t\t\t\t\t\t\t<p>Uporabljamo pi\u0161kotke za pomnenje uporabni\u0161kih nastavitev, kot npr. pi\u0161kotek, ki vsebuje informacijo o sprejetju ali zavrnitvi pi\u0161kotkov.<\/p>\t\t\t\t\t\t<\/div>\n\t\t\t\t<\/div>\n\t\t\t\t<div class=\"elementor-element elementor-element-78bde7f elementor-widget elementor-widget-text-editor\" data-id=\"78bde7f\" data-element_type=\"widget\" data-widget_type=\"text-editor.default\">\n\t\t\t\t<div class=\"elementor-widget-container\">\n\t\t\t\t\t\t\t<p><strong>Pi\u0161kotki Google maps<\/strong><\/p>\t\t\t\t\t\t<\/div>\n\t\t\t\t<\/div>\n\t\t\t\t<div class=\"elementor-element elementor-element-11e91dc elementor-widget elementor-widget-text-editor\" data-id=\"11e91dc\" data-element_type=\"widget\" data-widget_type=\"text-editor.default\">\n\t\t\t\t<div class=\"elementor-widget-container\">\n\t\t\t\t\t\t\t<p>Uporabljamo pi\u0161kotke za pomnenje uporabni\u0161kih nastavitev na vdelanih zemljevidih.<\/p>\t\t\t\t\t\t<\/div>\n\t\t\t\t<\/div>\n\t\t\t\t<div class=\"elementor-element elementor-element-a4f4e75 elementor-widget elementor-widget-text-editor\" data-id=\"a4f4e75\" data-element_type=\"widget\" data-widget_type=\"text-editor.default\">\n\t\t\t\t<div class=\"elementor-widget-container\">\n\t\t\t\t\t\t\t<p><strong>Pi\u0161kotki Google Analytics\u00a0<\/strong><\/p>\t\t\t\t\t\t<\/div>\n\t\t\t\t<\/div>\n\t\t\t\t<div class=\"elementor-element elementor-element-f36059e elementor-widget elementor-widget-text-editor\" data-id=\"f36059e\" data-element_type=\"widget\" data-widget_type=\"text-editor.default\">\n\t\t\t\t<div class=\"elementor-widget-container\">\n\t\t\t\t\t\t\t<p>S pomo\u010djo teh pi\u0161kotkov bele\u017eimo statistiko obiskovalcev. Ti pi\u0161kotki ne vsebujejo nobenih osebnih informacij, slu\u017eijo le za zagotavljanje unikatnosti obiskov. \u010ce \u017eelite blokirati Google Analytics, to lahko storite na tej spletni strani.<\/p>\t\t\t\t\t\t<\/div>\n\t\t\t\t<\/div>\n\t\t\t\t<div class=\"elementor-element elementor-element-73c16fe elementor-widget elementor-widget-text-editor\" data-id=\"73c16fe\" data-element_type=\"widget\" data-widget_type=\"text-editor.default\">\n\t\t\t\t<div class=\"elementor-widget-container\">\n\t\t\t\t\t\t\t<p><strong>Kako upravljati s pi\u0161kotki?<\/strong><\/p>\t\t\t\t\t\t<\/div>\n\t\t\t\t<\/div>\n\t\t\t\t<div class=\"elementor-element elementor-element-8f82785 elementor-widget elementor-widget-text-editor\" data-id=\"8f82785\" data-element_type=\"widget\" data-widget_type=\"text-editor.default\">\n\t\t\t\t<div class=\"elementor-widget-container\">\n\t\t\t\t\t\t\t<p>Ve\u010dina spletnih brskalnikov omogo\u010da, da nastavite va\u0161e pi\u0161kote. Pi\u0161kotke lahko zavrnete ali jih sprejmete s funkcijo, vgrajeno v spletne brskalnike. \u010ce pi\u0161kotke zavrnete, lahko naprej uporabljate na\u0161o spletno stran, vendar dolo\u010dene podstrani ne bodo delovale. V nadaljevanju se nahajajo povezave do navodil, kako lahko izklju\u010dite pi\u0161kotke na va\u0161em spletnem brskalniku:<\/p><ul><li>Mozilla Firefox<\/li><li>Internet Explorer<\/li><li>Chrome<\/li><li>Safari<\/li><\/ul>\t\t\t\t\t\t<\/div>\n\t\t\t\t<\/div>\n\t\t\t\t\t<\/div>\n\t\t<\/div>\n\t\t\t\t\t\t\t<\/div>\n\t\t<\/section>\n\t\t\t\t\t\t\t<\/div>","protected":false},"excerpt":{"rendered":"<p>Pi\u0161kotki Za potrebe spletne strani\u00a0 uporabljamo naslednje pi\u0161kotke: Sejni pi\u0161kotek Nujen za delovanje sistema za urejanje in prikaz vsebin. Ta pi\u0161kotek skrbi za pravilen sprejem elektronskih sporo\u010dil in vsebin na spletni strani. Pi\u0161kotek se izbi\u0161re, ko uporabnik odide s spletne strani. Spletna ko\u0161arica pi\u0161kotek S tem pi\u0161kotkom ohranjamo vsebino ko\u0161arice, tudi ko zaprete brskalnik in naslednji\u010d odprete. Vsebina ko\u0161arice v samem pi\u0161kotku ni razvidna. Pi\u0161kotki za pomnjenje\u00a0uporabni\u0161kih nastavitev Uporabljamo pi\u0161kotke za pomnenje uporabni\u0161kih nastavitev, kot npr. pi\u0161kotek, ki vsebuje informacijo o sprejetju ali zavrnitvi pi\u0161kotkov. Pi\u0161kotki Google maps Uporabljamo pi\u0161kotke za pomnenje uporabni\u0161kih nastavitev na vdelanih zemljevidih. Pi\u0161kotki Google Analytics\u00a0\u2026<\/p>","protected":false},"author":1,"featured_media":0,"parent":0,"menu_order":0,"comment_status":"closed","ping_status":"closed","template":"elementor_header_footer","meta":{"_seopress_robots_primary_cat":"","footnotes":""},"class_list":["post-2815","page","type-page","status-publish","hentry"],"blocksy_meta":"","_links":{"self":[{"href":"https:\/\/www.alpen-harmonike.com\/de\/wp-json\/wp\/v2\/pages\/2815","targetHints":{"allow":["GET"]}}],"collection":[{"href":"https:\/\/www.alpen-harmonike.com\/de\/wp-json\/wp\/v2\/pages"}],"about":[{"href":"https:\/\/www.alpen-harmonike.com\/de\/wp-json\/wp\/v2\/types\/page"}],"author":[{"embeddable":true,"href":"https:\/\/www.alpen-harmonike.com\/de\/wp-json\/wp\/v2\/users\/1"}],"replies":[{"embeddable":true,"href":"https:\/\/www.alpen-harmonike.com\/de\/wp-json\/wp\/v2\/comments?post=2815"}],"version-history":[{"count":0,"href":"https:\/\/www.alpen-harmonike.com\/de\/wp-json\/wp\/v2\/pages\/2815\/revisions"}],"wp:attachment":[{"href":"https:\/\/www.alpen-harmonike.com\/de\/wp-json\/wp\/v2\/media?parent=2815"}],"curies":[{"name":"wp","href":"https:\/\/api.w.org\/{rel}","templated":true}]}}