{"id":2799,"date":"2023-05-04T15:32:31","date_gmt":"2023-05-04T15:32:31","guid":{"rendered":"https:\/\/www.ivh44.si\/Ponudbe\/harmonike\/splosni-pogoji-copy\/"},"modified":"2023-09-30T14:19:44","modified_gmt":"2023-09-30T14:19:44","slug":"politika-zasebnosti","status":"publish","type":"page","link":"https:\/\/www.alpen-harmonike.com\/de\/politika-zasebnosti\/","title":{"rendered":"Politika Zasebnosti"},"content":{"rendered":"<div data-elementor-type=\"wp-page\" data-elementor-id=\"2799\" class=\"elementor elementor-2799\">\n\t\t\t\t\t\t\t\t\t<section class=\"elementor-section elementor-top-section elementor-element elementor-element-b2535a8 elementor-section-boxed elementor-section-height-default elementor-section-height-default\" data-id=\"b2535a8\" data-element_type=\"section\" data-settings=\"{&quot;jet_parallax_layout_list&quot;:[]}\">\n\t\t\t\t\t\t<div class=\"elementor-container elementor-column-gap-default\">\n\t\t\t\t\t<div class=\"elementor-column elementor-col-100 elementor-top-column elementor-element elementor-element-0cc7a36\" data-id=\"0cc7a36\" data-element_type=\"column\">\n\t\t\t<div class=\"elementor-widget-wrap elementor-element-populated\">\n\t\t\t\t\t\t\t\t<div class=\"elementor-element elementor-element-2079e8d elementor-widget elementor-widget-heading\" data-id=\"2079e8d\" data-element_type=\"widget\" data-widget_type=\"heading.default\">\n\t\t\t\t<div class=\"elementor-widget-container\">\n\t\t\t<style>\/*! elementor - v3.12.1 - 02-04-2023 *\/\n.elementor-heading-title{padding:0;margin:0;line-height:1}.elementor-widget-heading .elementor-heading-title[class*=elementor-size-]>a{color:inherit;font-size:inherit;line-height:inherit}.elementor-widget-heading .elementor-heading-title.elementor-size-small{font-size:15px}.elementor-widget-heading .elementor-heading-title.elementor-size-medium{font-size:19px}.elementor-widget-heading .elementor-heading-title.elementor-size-large{font-size:29px}.elementor-widget-heading .elementor-heading-title.elementor-size-xl{font-size:39px}.elementor-widget-heading .elementor-heading-title.elementor-size-xxl{font-size:59px}<\/style><h2 class=\"elementor-heading-title elementor-size-default\">Politika Zasebnosti<\/h2>\t\t<\/div>\n\t\t\t\t<\/div>\n\t\t\t\t\t<\/div>\n\t\t<\/div>\n\t\t\t\t\t\t\t<\/div>\n\t\t<\/section>\n\t\t\t\t<section class=\"elementor-section elementor-top-section elementor-element elementor-element-150dadf elementor-section-boxed elementor-section-height-default elementor-section-height-default\" data-id=\"150dadf\" data-element_type=\"section\" data-settings=\"{&quot;jet_parallax_layout_list&quot;:[]}\">\n\t\t\t\t\t\t<div class=\"elementor-container elementor-column-gap-no\">\n\t\t\t\t\t<div class=\"elementor-column elementor-col-100 elementor-top-column elementor-element elementor-element-bcdc522\" data-id=\"bcdc522\" data-element_type=\"column\">\n\t\t\t<div class=\"elementor-widget-wrap elementor-element-populated\">\n\t\t\t\t\t\t\t\t<div class=\"elementor-element elementor-element-7bb6142 elementor-widget elementor-widget-text-editor\" data-id=\"7bb6142\" data-element_type=\"widget\" data-widget_type=\"text-editor.default\">\n\t\t\t\t<div class=\"elementor-widget-container\">\n\t\t\t<style>\/*! elementor - v3.12.1 - 02-04-2023 *\/\n.elementor-widget-text-editor.elementor-drop-cap-view-stacked .elementor-drop-cap{background-color:#69727d;color:#fff}.elementor-widget-text-editor.elementor-drop-cap-view-framed .elementor-drop-cap{color:#69727d;border:3px solid;background-color:transparent}.elementor-widget-text-editor:not(.elementor-drop-cap-view-default) .elementor-drop-cap{margin-top:8px}.elementor-widget-text-editor:not(.elementor-drop-cap-view-default) .elementor-drop-cap-letter{width:1em;height:1em}.elementor-widget-text-editor .elementor-drop-cap{float:left;text-align:center;line-height:1;font-size:50px}.elementor-widget-text-editor .elementor-drop-cap-letter{display:inline-block}<\/style>\t\t\t\t<p><strong>UPORABA, OBSEG IN NAMEN HRANJENJA IN OBDELAVE<\/strong><\/p>\t\t\t\t\t\t<\/div>\n\t\t\t\t<\/div>\n\t\t\t\t<div class=\"elementor-element elementor-element-a96e7fa elementor-widget elementor-widget-text-editor\" data-id=\"a96e7fa\" data-element_type=\"widget\" data-widget_type=\"text-editor.default\">\n\t\t\t\t<div class=\"elementor-widget-container\">\n\t\t\t\t\t\t\t<p>Osebne podatke hranimo in obdelujemo za namene ohranjevanja stika s strankami, tr\u017enega obve\u0161\u010danja prek elektronske po\u0161te, pospe\u0161evanja prodaje, profiliranja strank s ciljem prilagojene ponudbe vsebin in izdelkov strankam v elektronski po\u0161ti in na spletnih straneh. Ob poslanih elektronskih sporo\u010dilih si lahko zabele\u017eimo prikaze na strani posameznikov prejetih sporo\u010dil in klike na povezave v prejetih sporo\u010dilih. Za bolj\u0161o in bolj usmerjeno ponudbo ter prilagajanje nadaljnjih sporo\u010dil zabele\u017eene podatke avtomatsko obdelamo, analiziramo, profiliramo ter ocenjujemo zainteresiranost na\u0161ih strank za poslana sporo\u010dila.<\/p><p>Za namen obve\u0161\u010danja z elektronsko po\u0161to hranimo<\/p><ul><li>naslov elektronske po\u0161te,<\/li><li>ime,<\/li><li>priimek,<\/li><li>spol.<\/li><\/ul><p>Osebne podatke zbiramo z izrecno privolitvijo oz. soglasjem posameznikov.\u00a0<span style=\"font-size: inherit; text-align: inherit; background-color: var( --e-global-color-54a6c5e ); color: var(--color); font-family: var(--fontFamily); font-style: var(--fontStyle, inherit); font-weight: var(--fontWeight); letter-spacing: var(--letterSpacing); text-transform: var(--textTransform);\">Soglasja hranimo skupaj z njihovo vsebino in vsebino obrazca, s katerim so\u00a0<\/span><span style=\"font-size: inherit; text-align: inherit; background-color: var( --e-global-color-54a6c5e ); color: var(--color); font-family: var(--fontFamily); font-style: var(--fontStyle, inherit); font-weight: var(--fontWeight); letter-spacing: var(--letterSpacing); text-transform: var(--textTransform);\">bila dobljena.<\/span><\/p><p>Osebne podatke uporabljajo na\u0161i naslednji oddelki:<\/p><ul><li>prodaja,<\/li><li>tr\u017eenje,<\/li><li>podpora strankam,<\/li><li>ra\u010dunovodstvo.<\/li><\/ul>\t\t\t\t\t\t<\/div>\n\t\t\t\t<\/div>\n\t\t\t\t<div class=\"elementor-element elementor-element-494611e elementor-widget elementor-widget-text-editor\" data-id=\"494611e\" data-element_type=\"widget\" data-widget_type=\"text-editor.default\">\n\t\t\t\t<div class=\"elementor-widget-container\">\n\t\t\t\t\t\t\t<p><strong>IZNOS<\/strong><\/p>\t\t\t\t\t\t<\/div>\n\t\t\t\t<\/div>\n\t\t\t\t<div class=\"elementor-element elementor-element-a28452f elementor-widget elementor-widget-text-editor\" data-id=\"a28452f\" data-element_type=\"widget\" data-widget_type=\"text-editor.default\">\n\t\t\t\t<div class=\"elementor-widget-container\">\n\t\t\t\t\t\t\t<p>Zbirke osebnih podatkov hranimo na obmo\u010dju Republike Slovenije ter jih ne izna\u0161amo v druge dr\u017eave.<\/p>\t\t\t\t\t\t<\/div>\n\t\t\t\t<\/div>\n\t\t\t\t<div class=\"elementor-element elementor-element-91d38ea elementor-widget elementor-widget-text-editor\" data-id=\"91d38ea\" data-element_type=\"widget\" data-widget_type=\"text-editor.default\">\n\t\t\t\t<div class=\"elementor-widget-container\">\n\t\t\t\t\t\t\t<p><strong>OBDOBJE HRAMBE<\/strong><\/p>\t\t\t\t\t\t<\/div>\n\t\t\t\t<\/div>\n\t\t\t\t<div class=\"elementor-element elementor-element-374ec28 elementor-widget elementor-widget-text-editor\" data-id=\"374ec28\" data-element_type=\"widget\" data-widget_type=\"text-editor.default\">\n\t\t\t\t<div class=\"elementor-widget-container\">\n\t\t\t\t\t\t\t<p>Osebne podatke posameznika hranimo do preklica soglasja za hranjenje in obdelavo podatkov posameznika. Po preklicu soglasja posameznika njegove osebne podatke nemudoma u\u010dinkovito in trajno izbri\u0161emo.<\/p><p>V kolikor bi v na\u0161em podjetju prenehali zgoraj opisani nameni, zaradi katerih hranimo in obdelujemo osebne podatke, bomo zbirke podatkov, katerih namen je prenehal, nemudoma u\u010dinkovito in trajno izbrisali.<\/p><p>Podatke o prikazih prejetih sporo\u010dil in klikih na povezave v prejetih sporo\u010dilih hranimo \u0161e 12 mesecev od po\u0161iljanja sporo\u010dila.<\/p>\t\t\t\t\t\t<\/div>\n\t\t\t\t<\/div>\n\t\t\t\t<div class=\"elementor-element elementor-element-679015e elementor-widget elementor-widget-text-editor\" data-id=\"679015e\" data-element_type=\"widget\" data-widget_type=\"text-editor.default\">\n\t\t\t\t<div class=\"elementor-widget-container\">\n\t\t\t\t\t\t\t<p><strong>PRAVICE POSAMEZNIKA (OSEBE)<\/strong><\/p>\t\t\t\t\t\t<\/div>\n\t\t\t\t<\/div>\n\t\t\t\t<div class=\"elementor-element elementor-element-bcbad92 elementor-widget elementor-widget-text-editor\" data-id=\"bcbad92\" data-element_type=\"widget\" data-widget_type=\"text-editor.default\">\n\t\t\t\t<div class=\"elementor-widget-container\">\n\t\t\t\t\t\t\t<p>Vsak posameznik lahko za svoje podatke kadarkoli zahteva<\/p><ul><li>vpogled,<\/li><li>popravek,<\/li><li>dopolnitev,<\/li><li>prepis,<\/li><li>kopiranje,<\/li><li>popoln izbris,<\/li><li>prenos drugemu ponudniku sorodnih storitev,<\/li><li>prekinitev obdelave in hranjenja oz. preklic soglasja za obdelavo in hranjenje, ne da bi to vplivalo na zakonitost obdelave, ki se je na podlagi privolitve oz. soglasja izvajala do njegovega preklica.<\/li><\/ul><p>V primeru, da bi v na\u0161em podjetju \u017eeleli nadalje obdelovati osebne podatke za namen, ki ni namen, za katerega so bili osebni podatki zbrani, bomo posamezniku pred tako nadaljnjo obdelavo podatkov zagotovili informacije o tem drugem namenu in vse nadaljnje relevantne informacije, kot so podane v temu besedilu.<\/p><p>V kolikor posameznik meni, da so mu z na\u0161e strani kakorkoli kr\u0161ene pravice z naslova varstva njegovih osebnih podatkov, lahko kadarkoli poda prito\u017ebo pri nadzornemu organu &#8211; Informacijskemu poobla\u0161\u010dencu v Republiki Sloveniji:<\/p><p>Republika Slovenija, Informacijski poobla\u0161\u010denec, Zalo\u0161ka 59, 1000 Ljubljana,<\/p><p>Storili bomo vse, kar je v na\u0161i mo\u010di, da posamezniku pomagamo pri uveljavljanju svojih pravic<\/p>\t\t\t\t\t\t<\/div>\n\t\t\t\t<\/div>\n\t\t\t\t\t<\/div>\n\t\t<\/div>\n\t\t\t\t\t\t\t<\/div>\n\t\t<\/section>\n\t\t\t\t\t\t\t<\/div>","protected":false},"excerpt":{"rendered":"<p>Politika Zasebnosti UPORABA, OBSEG IN NAMEN HRANJENJA IN OBDELAVE Osebne podatke hranimo in obdelujemo za namene ohranjevanja stika s strankami, tr\u017enega obve\u0161\u010danja prek elektronske po\u0161te, pospe\u0161evanja prodaje, profiliranja strank s ciljem prilagojene ponudbe vsebin in izdelkov strankam v elektronski po\u0161ti in na spletnih straneh. Ob poslanih elektronskih sporo\u010dilih si lahko zabele\u017eimo prikaze na strani posameznikov prejetih sporo\u010dil in klike na povezave v prejetih sporo\u010dilih. Za bolj\u0161o in bolj usmerjeno ponudbo ter prilagajanje nadaljnjih sporo\u010dil zabele\u017eene podatke avtomatsko obdelamo, analiziramo, profiliramo ter ocenjujemo zainteresiranost na\u0161ih strank za poslana sporo\u010dila. Za namen obve\u0161\u010danja z elektronsko po\u0161to hranimo naslov elektronske po\u0161te, ime, priimek,\u2026<\/p>","protected":false},"author":1,"featured_media":0,"parent":0,"menu_order":0,"comment_status":"closed","ping_status":"closed","template":"elementor_header_footer","meta":{"_seopress_robots_primary_cat":"","footnotes":""},"class_list":["post-2799","page","type-page","status-publish","hentry"],"blocksy_meta":"","_links":{"self":[{"href":"https:\/\/www.alpen-harmonike.com\/de\/wp-json\/wp\/v2\/pages\/2799","targetHints":{"allow":["GET"]}}],"collection":[{"href":"https:\/\/www.alpen-harmonike.com\/de\/wp-json\/wp\/v2\/pages"}],"about":[{"href":"https:\/\/www.alpen-harmonike.com\/de\/wp-json\/wp\/v2\/types\/page"}],"author":[{"embeddable":true,"href":"https:\/\/www.alpen-harmonike.com\/de\/wp-json\/wp\/v2\/users\/1"}],"replies":[{"embeddable":true,"href":"https:\/\/www.alpen-harmonike.com\/de\/wp-json\/wp\/v2\/comments?post=2799"}],"version-history":[{"count":0,"href":"https:\/\/www.alpen-harmonike.com\/de\/wp-json\/wp\/v2\/pages\/2799\/revisions"}],"wp:attachment":[{"href":"https:\/\/www.alpen-harmonike.com\/de\/wp-json\/wp\/v2\/media?parent=2799"}],"curies":[{"name":"wp","href":"https:\/\/api.w.org\/{rel}","templated":true}]}}